{"id":1417,"date":"2020-07-01T09:06:27","date_gmt":"2020-07-01T12:06:27","guid":{"rendered":"https:\/\/pingregorio.adv.br\/?page_id=1417"},"modified":"2021-06-25T22:37:52","modified_gmt":"2021-06-26T01:37:52","slug":"politicas-de-privacidade","status":"publish","type":"page","link":"https:\/\/pingregorio.adv.br\/en\/politicas-de-privacidade\/","title":{"rendered":"Privacy Policies"},"content":{"rendered":"<div data-elementor-type=\"wp-page\" data-elementor-id=\"1417\" class=\"elementor elementor-1417\" data-elementor-post-type=\"page\">\n\t\t\t\t\t\t<section class=\"elementor-section elementor-top-section elementor-element elementor-element-270a elementor-section-full_width elementor-section-height-min-height elementor-section-height-default elementor-section-items-middle\" data-id=\"270a\" data-element_type=\"section\" data-e-type=\"section\" data-settings=\"{&quot;background_background&quot;:&quot;classic&quot;}\">\n\t\t\t\t\t\t\t<div class=\"elementor-background-overlay\"><\/div>\n\t\t\t\t\t\t\t<div class=\"elementor-container elementor-column-gap-default\">\n\t\t\t\t\t<div class=\"elementor-column elementor-col-100 elementor-top-column elementor-element elementor-element-25eb\" data-id=\"25eb\" data-element_type=\"column\" data-e-type=\"column\">\n\t\t\t<div class=\"elementor-widget-wrap elementor-element-populated\">\n\t\t\t\t\t\t<div class=\"elementor-element elementor-element-7b7a elementor-widget elementor-widget-heading\" data-id=\"7b7a\" data-element_type=\"widget\" data-e-type=\"widget\" data-widget_type=\"heading.default\">\n\t\t\t\t<div class=\"elementor-widget-container\">\n\t\t\t\t\t<h1 class=\"elementor-heading-title elementor-size-default\">Privacy Policies<\/h1>\t\t\t\t<\/div>\n\t\t\t\t<\/div>\n\t\t\t\t<div class=\"elementor-element elementor-element-e8dedd6 elementor-widget elementor-widget-image\" data-id=\"e8dedd6\" data-element_type=\"widget\" data-e-type=\"widget\" data-widget_type=\"image.default\">\n\t\t\t\t<div class=\"elementor-widget-container\">\n\t\t\t\t\t\t\t\t\t\t\t\t\t\t\t<img decoding=\"async\" width=\"300\" height=\"6\" src=\"https:\/\/pingregorio.adv.br\/wp-content\/uploads\/2020\/09\/sem-fundo-02-filete-300x6.png\" class=\"attachment-medium size-medium wp-image-2803\" alt=\"Pin Gregorio Advogados\" srcset=\"https:\/\/pingregorio.adv.br\/wp-content\/uploads\/2020\/09\/sem-fundo-02-filete-300x6.png 300w, https:\/\/pingregorio.adv.br\/wp-content\/uploads\/2020\/09\/sem-fundo-02-filete-1140x24.png 1140w, https:\/\/pingregorio.adv.br\/wp-content\/uploads\/2020\/09\/sem-fundo-02-filete-768x16.png 768w, https:\/\/pingregorio.adv.br\/wp-content\/uploads\/2020\/09\/sem-fundo-02-filete-1536x33.png 1536w, https:\/\/pingregorio.adv.br\/wp-content\/uploads\/2020\/09\/sem-fundo-02-filete-2048x44.png 2048w\" sizes=\"(max-width: 300px) 100vw, 300px\" \/>\t\t\t\t\t\t\t\t\t\t\t\t\t\t\t<\/div>\n\t\t\t\t<\/div>\n\t\t\t\t\t<\/div>\n\t\t<\/div>\n\t\t\t\t\t<\/div>\n\t\t<\/section>\n\t\t\t\t<section class=\"elementor-section elementor-top-section elementor-element elementor-element-cbd elementor-section-content-top elementor-section-full_width elementor-section-height-default elementor-section-height-default\" data-id=\"cbd\" data-element_type=\"section\" data-e-type=\"section\">\n\t\t\t\t\t\t<div class=\"elementor-container elementor-column-gap-default\">\n\t\t\t\t\t<div class=\"elementor-column elementor-col-50 elementor-top-column elementor-element elementor-element-5a62\" data-id=\"5a62\" data-element_type=\"column\" data-e-type=\"column\">\n\t\t\t<div class=\"elementor-widget-wrap elementor-element-populated\">\n\t\t\t\t\t\t<div class=\"elementor-element elementor-element-11b6 elementor-widget elementor-widget-heading\" data-id=\"11b6\" data-element_type=\"widget\" data-e-type=\"widget\" data-widget_type=\"heading.default\">\n\t\t\t\t<div class=\"elementor-widget-container\">\n\t\t\t\t\t<h2 class=\"elementor-heading-title elementor-size-default\">How Do We Take Care of Information?<\/h2>\t\t\t\t<\/div>\n\t\t\t\t<\/div>\n\t\t\t\t<div class=\"elementor-element elementor-element-6907 elementor-widget elementor-widget-text-editor\" data-id=\"6907\" data-element_type=\"widget\" data-e-type=\"widget\" data-widget_type=\"text-editor.default\">\n\t\t\t\t<div class=\"elementor-widget-container\">\n\t\t\t\t\t\t\t\t\t<p>It is with respect and responsibility that we present our commitment to the security and privacy of the information received from our visitors, customers and employees, establishing rules as listed below:<\/p><p>The website collects navigation data called Cookies, which present navigation information about visitors and allow statistical analysis, corrections and improvements in the exposure and guidance of content, among other details, used internally and treated with responsibility and confidentiality. Personal data spontaneously provided by visitors are treated in the same way when interacting with our team through website forms, chats, e-mail among others to answer your questions, ask questions or consult services or provide suggestions.<\/p><p>Any information made available by customers and employees through an area governed by access control, is protected by strict confidentiality standards and used exclusively for the purposes for which they are intended.<\/p><p>Access to the information received is restricted only to specialist professionals who interact with such content, authorized to use it for specific purposes.<\/p><p>\u00a0<\/p><h3>Responsibility for External Links<\/h3><p>You will find on our website links to external third party websites, whose content we have no influence on, and that is why we cannot accept any responsibility for that third party content. The provider or manager of each of these sites is and will always be responsible for the content posted on their sites. During the linking process, all sites were checked for possible legal violations at the time of linking, which was not detected. If there is any illegal content identified by any user or visitor to our site on any of these links, we ask for immediate notification so that we can take the necessary measures regarding the disconnection of the same, and it was not recognizable any divergence at the time the link was created &gt; In any case, permanent monitoring of the content of the linked pages is not reasonable without concrete evidence of violation of the law. As soon as we become aware of any legal violations, we will remove these links immediately.<\/p><p>\u00a0<\/p><h3>Copyright and:<\/h3><h4>\u00a0<\/h4><h4>Intellectual Property<\/h4><p>All content and works published on this website were developed by the manager and publishers authorized by him and are subject to all purposes to the copyright and intellectual property law of Brazil. Copying, processing, duplication, distribution and any kind of use outside the limits of copyright law require the written consent of the respective author or developer. Downloads and copies of this page are allowed for private, non-commercial use only, preserving and respecting the copyright limits of authors and third parties represented here. In particular, third party content is flagged as such. However, if you become aware of a copyright infringement, we ask that you notify us immediately for appropriate action. That way, as soon as we become aware of legal violations and discover them, we will remove that content immediately.<\/p><p>\u00a0<\/p><h3>Author Images and Content<\/h3><p>This website uses images and content from production and own use as well as images and content from third parties. The use of images respects the copyright and rules of use by presenting the data of origin and authorship in the \"Credits\" area of this website.<\/p><p>The simple access to the website does not grant the visitor or user any right to use names, words, phrases, literary and artistic works, images, graphics, not limited to those, which are published on or made available through it.<\/p><p>\u00a0<\/p><h3>Data Collection on This Site<\/h3><p>All data collection on this site takes place in a responsible and transparent manner, using technological mechanisms available on the site platform, in parts, for use by the site manager and in parts by third-party technology providers, we will evaluate how this happens:<\/p><p>\u00a0<\/p><h3>Spontaneous Collection<\/h3><p>Spontaneous collection is one in which the site visitor searches for information and seeks contact with the site representative through the available mechanisms and makes available, for example, contact details, subjects of interest to them, among others, which may occur through forms, chats, surveys, email, and other interactions.<\/p><p>\u00a0<\/p><h3>Navigation Data Collection<\/h3><p>The collection of navigation data occurs through technological means from the initial access of a visitor to a website until his departure from it and for its realization, various tools and technologies are used, such as \"Cookies\", which aim at analyzing statistics, corrections and improvements in usability and presentation of content on the websites to improve the visitor experience.<\/p><p>Other data is collected automatically or with your consent, when you visit our website, through our IT systems. This is mainly technical data (for example, Internet browser, operating system or time of access to the page). This data is recorded automatically as soon as you enter this site.<\/p><p>\u00a0<\/p><h3>How Do We Use the Collected Data?<\/h3><p>Part of the data is collected to ensure that the website is presented correctly. Other data can be used to analyze user behavior. Some allow corrections and adjustments in the presentation of content, personalization and form of exposure.<\/p><p>Registration data provided spontaneously by the visitor as a way to request or question information, guidance or participation in periodic newsletters are carefully stored and protected with security devices, being accessible only by qualified professionals and directly related to the topics covered.<\/p><p>We do not ask for data such as CPF, bank details or sensitive information such as passwords or any other personal information except for basic registration in any of our forms or automatic e-mail messages on the website.<\/p><p>The stored data is all for internal use and in no case is it commercialized with partners of any nature.<\/p><p>Este site \u00e9 hospedado por um provedor de servi\u00e7os externo (host). Os dados de navega\u00e7\u00e3o e eventuais dados pessoais coletados neste site s\u00e3o armazenados nos servidores do hoster. Pode ser armazenado principalmente para an\u00e1lise estat\u00edstica e aperfei\u00e7oamento de navega\u00e7\u00e3o dados como endere\u00e7os IP, solicita\u00e7\u00f5es de contato, metadados, dados de contrato, detalhes de contato, nomes, acesso a sites e outros dados naturalmente gerados por meio de um site.<\/p><p>On this website and server, third-party tools and applications are installed and \/ or integrated for the correct functioning of the website, its statistical analysis and, for this purpose, the internal data transfer takes place according to the current data control and privacy laws of each part.<\/p><p>You can contact us at any time at the address below if you have any further questions regarding data protection.<\/p><p>\u00a0<\/p><h3>Technology in Order to Security<\/h3><p>For security reasons and to protect the transmission of confidential content, such as requests or queries you send to us, this website uses SSL Encryption Technology to its full extent. You can recognize an encrypted connection by changing the browser's address line from \"http: \/\/\" to \"https: \/\/\" and by the \u201cclosed lock\u201d symbol on the browser line.<\/p><p>With SSL or TLS encryption enabled, the data you transmit to us cannot be read by third parties.<\/p><p>\u00a0<\/p>\t\t\t\t\t\t\t\t<\/div>\n\t\t\t\t<\/div>\n\t\t\t\t<div class=\"elementor-element elementor-element-354a elementor-widget elementor-widget-text-editor\" data-id=\"354a\" data-element_type=\"widget\" data-e-type=\"widget\" data-widget_type=\"text-editor.default\">\n\t\t\t\t<div class=\"elementor-widget-container\">\n\t\t\t\t\t\t\t\t\t<p>See also our <a href=\"https:\/\/pingregorio.adv.br\/en\/termos-de-uso\/\">Terms of Use<\/a>.<\/p>\t\t\t\t\t\t\t\t<\/div>\n\t\t\t\t<\/div>\n\t\t\t\t\t<\/div>\n\t\t<\/div>\n\t\t\t\t<div class=\"elementor-column elementor-col-50 elementor-top-column elementor-element elementor-element-370a\" data-id=\"370a\" data-element_type=\"column\" data-e-type=\"column\" data-settings=\"{&quot;background_background&quot;:&quot;classic&quot;}\">\n\t\t\t<div class=\"elementor-widget-wrap elementor-element-populated\">\n\t\t\t\t\t\t<div class=\"elementor-element elementor-element-6f76 elementor-widget elementor-widget-elementskit-blog-posts\" data-id=\"6f76\" data-element_type=\"widget\" data-e-type=\"widget\" data-widget_type=\"elementskit-blog-posts.default\">\n\t\t\t\t<div class=\"elementor-widget-container\">\n\t\t\t\t\t<div class=\"ekit-wid-con\" >        <div id=\"post-items--6f76\" class=\"row post-items\">\n                <\/div>\n       <\/div>\t\t\t\t<\/div>\n\t\t\t\t<\/div>\n\t\t\t\t<div class=\"elementor-element elementor-element-5ce elementor-widget elementor-widget-spacer\" data-id=\"5ce\" data-element_type=\"widget\" data-e-type=\"widget\" data-widget_type=\"spacer.default\">\n\t\t\t\t<div class=\"elementor-widget-container\">\n\t\t\t\t\t\t\t<div class=\"elementor-spacer\">\n\t\t\t<div class=\"elementor-spacer-inner\"><\/div>\n\t\t<\/div>\n\t\t\t\t\t\t<\/div>\n\t\t\t\t<\/div>\n\t\t\t\t<div class=\"elementor-element elementor-element-683a elementor-widget-divider--view-line elementor-widget elementor-widget-divider\" data-id=\"683a\" data-element_type=\"widget\" data-e-type=\"widget\" data-widget_type=\"divider.default\">\n\t\t\t\t<div class=\"elementor-widget-container\">\n\t\t\t\t\t\t\t<div class=\"elementor-divider\">\n\t\t\t<span class=\"elementor-divider-separator\">\n\t\t\t\t\t\t<\/span>\n\t\t<\/div>\n\t\t\t\t\t\t<\/div>\n\t\t\t\t<\/div>\n\t\t\t\t<div class=\"elementor-element elementor-element-aaa elementor-widget elementor-widget-heading\" data-id=\"aaa\" data-element_type=\"widget\" data-e-type=\"widget\" data-widget_type=\"heading.default\">\n\t\t\t\t<div class=\"elementor-widget-container\">\n\t\t\t\t\t<h3 class=\"elementor-heading-title elementor-size-default\">Newsletter<\/h3>\t\t\t\t<\/div>\n\t\t\t\t<\/div>\n\t\t\t\t<div class=\"elementor-element elementor-element-2895 elementor-widget elementor-widget-text-editor\" data-id=\"2895\" data-element_type=\"widget\" data-e-type=\"widget\" data-widget_type=\"text-editor.default\">\n\t\t\t\t<div class=\"elementor-widget-container\">\n\t\t\t\t\t\t\t\t\t<p>Participate!<\/p>\t\t\t\t\t\t\t\t<\/div>\n\t\t\t\t<\/div>\n\t\t\t\t<div class=\"elementor-element elementor-element-7672 animated-slow elementor-invisible elementor-widget elementor-widget-elementskit-contact-form7\" data-id=\"7672\" data-element_type=\"widget\" data-e-type=\"widget\" data-settings=\"{&quot;_animation&quot;:&quot;pulse&quot;}\" data-widget_type=\"elementskit-contact-form7.default\">\n\t\t\t\t<div class=\"elementor-widget-container\">\n\t\t\t\t\t<div class=\"ekit-wid-con\" ><div class=\"ekit-form\">\n<div class=\"wpcf7 no-js\" id=\"wpcf7-f980-p1417-o1\" lang=\"pt-BR\" dir=\"ltr\" data-wpcf7-id=\"980\">\n<div class=\"screen-reader-response\"><p role=\"status\" aria-live=\"polite\" aria-atomic=\"true\"><\/p> <ul><\/ul><\/div>\n<form action=\"\/en\/politicas-de-privacidade\/#wpcf7-f980-p1417-o1\" method=\"post\" class=\"wpcf7-form init\" aria-label=\"Formul\u00e1rios de contato\" novalidate=\"novalidate\" data-status=\"init\" data-no-translation-aria-label=\"\" data-trp-original-action=\"\/en\/politicas-de-privacidade\/#wpcf7-f980-p1417-o1\">\n<fieldset class=\"hidden-fields-container\"><input type=\"hidden\" name=\"_wpcf7\" value=\"980\" \/><input type=\"hidden\" name=\"_wpcf7_version\" value=\"6.1.5\" \/><input type=\"hidden\" name=\"_wpcf7_locale\" value=\"pt_BR\" \/><input type=\"hidden\" name=\"_wpcf7_unit_tag\" value=\"wpcf7-f980-p1417-o1\" \/><input type=\"hidden\" name=\"_wpcf7_container_post\" value=\"1417\" \/><input type=\"hidden\" name=\"_wpcf7_posted_data_hash\" value=\"\" \/><input type=\"hidden\" name=\"_wpcf7_recaptcha_response\" value=\"\" \/>\n<\/fieldset>\n<p><label> Your Email<br \/>\n<span class=\"wpcf7-form-control-wrap\" data-name=\"your-email\"><input size=\"40\" maxlength=\"400\" class=\"wpcf7-form-control wpcf7-email wpcf7-validates-as-required wpcf7-text wpcf7-validates-as-email\" aria-required=\"true\" aria-invalid=\"false\" value=\"\" type=\"email\" name=\"your-email\" \/><\/span> <\/label>\n<\/p>\n<p><input class=\"wpcf7-form-control wpcf7-submit has-spinner\" type=\"submit\" value=\"Send\" \/>\n<\/p><p style=\"display: none !important;\" class=\"akismet-fields-container\" data-prefix=\"_wpcf7_ak_\"><label>&#916;<textarea name=\"_wpcf7_ak_hp_textarea\" cols=\"45\" rows=\"8\" maxlength=\"100\"><\/textarea><\/label><input type=\"hidden\" id=\"ak_js_1\" name=\"_wpcf7_ak_js\" value=\"145\"\/><script>document.getElementById( \"ak_js_1\" ).setAttribute( \"value\", ( new Date() ).getTime() );<\/script><\/p><div class=\"wpcf7-response-output\" aria-hidden=\"true\"><\/div>\n<input type=\"hidden\" name=\"trp-form-language\" value=\"en\"\/><\/form>\n<\/div>\n<\/div><\/div>\t\t\t\t<\/div>\n\t\t\t\t<\/div>\n\t\t\t\t\t<\/div>\n\t\t<\/div>\n\t\t\t\t\t<\/div>\n\t\t<\/section>\n\t\t\t\t<\/div>","protected":false},"excerpt":{"rendered":"<p>\u00c9 com respeito e responsabilidade que apresentamos nosso compromisso com a seguran\u00e7a e a privacidade das informa\u00e7\u00f5es recebidas de nossos visitantes, clientes e colaboradores.<\/p>","protected":false},"author":2,"featured_media":5335,"parent":0,"menu_order":0,"comment_status":"closed","ping_status":"closed","template":"","meta":{"footnotes":""},"class_list":["post-1417","page","type-page","status-publish","has-post-thumbnail","hentry"],"aioseo_notices":[],"_links":{"self":[{"href":"https:\/\/pingregorio.adv.br\/en\/wp-json\/wp\/v2\/pages\/1417","targetHints":{"allow":["GET"]}}],"collection":[{"href":"https:\/\/pingregorio.adv.br\/en\/wp-json\/wp\/v2\/pages"}],"about":[{"href":"https:\/\/pingregorio.adv.br\/en\/wp-json\/wp\/v2\/types\/page"}],"author":[{"embeddable":true,"href":"https:\/\/pingregorio.adv.br\/en\/wp-json\/wp\/v2\/users\/2"}],"replies":[{"embeddable":true,"href":"https:\/\/pingregorio.adv.br\/en\/wp-json\/wp\/v2\/comments?post=1417"}],"version-history":[{"count":0,"href":"https:\/\/pingregorio.adv.br\/en\/wp-json\/wp\/v2\/pages\/1417\/revisions"}],"wp:featuredmedia":[{"embeddable":true,"href":"https:\/\/pingregorio.adv.br\/en\/wp-json\/wp\/v2\/media\/5335"}],"wp:attachment":[{"href":"https:\/\/pingregorio.adv.br\/en\/wp-json\/wp\/v2\/media?parent=1417"}],"curies":[{"name":"wp","href":"https:\/\/api.w.org\/{rel}","templated":true}]}}